{"id":14139,"date":"2025-01-31T11:03:07","date_gmt":"2025-01-31T10:03:07","guid":{"rendered":"https:\/\/beta.azstone.sk\/produkt\/sarea-obklad-dlazba-andezit-sedohneda\/"},"modified":"2025-07-08T09:34:50","modified_gmt":"2025-07-08T07:34:50","slug":"sarea-obklad-dlazba-andezit-sedohneda","status":"publish","type":"product","link":"https:\/\/azstone.sk\/de\/produkt\/sarea-obklad-dlazba-andezit-sedohneda\/","title":{"rendered":"Obklad Sarea andezit \u0161edohned\u00e1"},"content":{"rendered":"","protected":false},"excerpt":{"rendered":"","protected":false},"featured_media":15757,"comment_status":"open","ping_status":"closed","template":"","meta":{"_acf_changed":false},"product_brand":[],"product_cat":[306],"product_tag":[],"class_list":{"0":"post-14139","1":"product","2":"type-product","3":"status-publish","4":"has-post-thumbnail","6":"product_cat-nepravidelne-obklady","8":"first","9":"instock","10":"taxable","11":"shipping-taxable","12":"purchasable","13":"product-type-variable"},"acf":[],"yoast_head":"<!-- This site is optimized with the Yoast SEO plugin v25.1 - https:\/\/yoast.com\/wordpress\/plugins\/seo\/ -->\n<title>Obklad Sarea andezit \u0161edohned\u00e1 - AZstone.sk | Pr\u00edrodn\u00fd kame\u0148 pre v\u00e1\u0161 domov a z\u00e1hradu<\/title>\n<meta name=\"robots\" content=\"index, follow, max-snippet:-1, max-image-preview:large, max-video-preview:-1\" \/>\n<link rel=\"canonical\" href=\"https:\/\/azstone.sk\/produkt\/sarea-obklad-dlazba-andezit-sedohneda\/\" \/>\n<meta property=\"og:locale\" content=\"de_DE\" \/>\n<meta property=\"og:type\" content=\"article\" \/>\n<meta property=\"og:title\" content=\"Obklad Sarea andezit \u0161edohned\u00e1 - AZstone.sk | Pr\u00edrodn\u00fd kame\u0148 pre v\u00e1\u0161 domov a z\u00e1hradu\" \/>\n<meta property=\"og:url\" content=\"https:\/\/azstone.sk\/produkt\/sarea-obklad-dlazba-andezit-sedohneda\/\" \/>\n<meta property=\"og:site_name\" content=\"AZstone.sk | Pr\u00edrodn\u00fd kame\u0148 pre v\u00e1\u0161 domov a z\u00e1hradu\" \/>\n<meta property=\"article:modified_time\" content=\"2025-07-08T07:34:50+00:00\" \/>\n<meta property=\"og:image\" content=\"https:\/\/azstone.sk\/wp-content\/uploads\/2025\/01\/1-sarea-sedohneda-4-4.jpg\" \/>\n\t<meta property=\"og:image:width\" content=\"1000\" \/>\n\t<meta property=\"og:image:height\" content=\"1000\" \/>\n\t<meta property=\"og:image:type\" content=\"image\/jpeg\" \/>\n<meta name=\"twitter:card\" content=\"summary_large_image\" \/>\n<script type=\"application\/ld+json\" class=\"yoast-schema-graph\">{\"@context\":\"https:\/\/schema.org\",\"@graph\":[{\"@type\":\"WebPage\",\"@id\":\"https:\/\/azstone.sk\/produkt\/sarea-obklad-dlazba-andezit-sedohneda\/\",\"url\":\"https:\/\/azstone.sk\/produkt\/sarea-obklad-dlazba-andezit-sedohneda\/\",\"name\":\"Obklad Sarea andezit \u0161edohned\u00e1 - AZstone.sk | Pr\u00edrodn\u00fd kame\u0148 pre v\u00e1\u0161 domov a z\u00e1hradu\",\"isPartOf\":{\"@id\":\"https:\/\/azstone.sk\/#website\"},\"primaryImageOfPage\":{\"@id\":\"https:\/\/azstone.sk\/produkt\/sarea-obklad-dlazba-andezit-sedohneda\/#primaryimage\"},\"image\":{\"@id\":\"https:\/\/azstone.sk\/produkt\/sarea-obklad-dlazba-andezit-sedohneda\/#primaryimage\"},\"thumbnailUrl\":\"https:\/\/azstone.sk\/wp-content\/uploads\/2025\/01\/1-sarea-sedohneda-4-4.jpg\",\"datePublished\":\"2025-01-31T10:03:07+00:00\",\"dateModified\":\"2025-07-08T07:34:50+00:00\",\"breadcrumb\":{\"@id\":\"https:\/\/azstone.sk\/produkt\/sarea-obklad-dlazba-andezit-sedohneda\/#breadcrumb\"},\"inLanguage\":\"de\",\"potentialAction\":[{\"@type\":\"ReadAction\",\"target\":[\"https:\/\/azstone.sk\/produkt\/sarea-obklad-dlazba-andezit-sedohneda\/\"]}]},{\"@type\":\"ImageObject\",\"inLanguage\":\"de\",\"@id\":\"https:\/\/azstone.sk\/produkt\/sarea-obklad-dlazba-andezit-sedohneda\/#primaryimage\",\"url\":\"https:\/\/azstone.sk\/wp-content\/uploads\/2025\/01\/1-sarea-sedohneda-4-4.jpg\",\"contentUrl\":\"https:\/\/azstone.sk\/wp-content\/uploads\/2025\/01\/1-sarea-sedohneda-4-4.jpg\",\"width\":1000,\"height\":1000},{\"@type\":\"BreadcrumbList\",\"@id\":\"https:\/\/azstone.sk\/produkt\/sarea-obklad-dlazba-andezit-sedohneda\/#breadcrumb\",\"itemListElement\":[{\"@type\":\"ListItem\",\"position\":1,\"name\":\"Domovsk\u00e1 str\u00e1nka\",\"item\":\"https:\/\/azstone.sk\/\"},{\"@type\":\"ListItem\",\"position\":2,\"name\":\"Obchod\",\"item\":\"https:\/\/azstone.sk\/obchod\/\"},{\"@type\":\"ListItem\",\"position\":3,\"name\":\"Obklad Sarea andezit \u0161edohned\u00e1\"}]},{\"@type\":\"WebSite\",\"@id\":\"https:\/\/azstone.sk\/#website\",\"url\":\"https:\/\/azstone.sk\/\",\"name\":\"AZstone.sk | Pr\u00edrodn\u00fd kame\u0148 pre v\u00e1\u0161 domov a z\u00e1hradu\",\"description\":\"AZ stone s.r.o.\",\"potentialAction\":[{\"@type\":\"SearchAction\",\"target\":{\"@type\":\"EntryPoint\",\"urlTemplate\":\"https:\/\/azstone.sk\/?s={search_term_string}\"},\"query-input\":{\"@type\":\"PropertyValueSpecification\",\"valueRequired\":true,\"valueName\":\"search_term_string\"}}],\"inLanguage\":\"de\"}]}<\/script>\n<!-- \/ Yoast SEO plugin. -->","yoast_head_json":{"title":"Obklad Sarea andezit \u0161edohned\u00e1 - AZstone.sk | Pr\u00edrodn\u00fd kame\u0148 pre v\u00e1\u0161 domov a z\u00e1hradu","robots":{"index":"index","follow":"follow","max-snippet":"max-snippet:-1","max-image-preview":"max-image-preview:large","max-video-preview":"max-video-preview:-1"},"canonical":"https:\/\/azstone.sk\/produkt\/sarea-obklad-dlazba-andezit-sedohneda\/","og_locale":"de_DE","og_type":"article","og_title":"Obklad Sarea andezit \u0161edohned\u00e1 - AZstone.sk | Pr\u00edrodn\u00fd kame\u0148 pre v\u00e1\u0161 domov a z\u00e1hradu","og_url":"https:\/\/azstone.sk\/produkt\/sarea-obklad-dlazba-andezit-sedohneda\/","og_site_name":"AZstone.sk | Pr\u00edrodn\u00fd kame\u0148 pre v\u00e1\u0161 domov a z\u00e1hradu","article_modified_time":"2025-07-08T07:34:50+00:00","og_image":[{"width":1000,"height":1000,"url":"https:\/\/azstone.sk\/wp-content\/uploads\/2025\/01\/1-sarea-sedohneda-4-4.jpg","type":"image\/jpeg"}],"twitter_card":"summary_large_image","schema":{"@context":"https:\/\/schema.org","@graph":[{"@type":"WebPage","@id":"https:\/\/azstone.sk\/produkt\/sarea-obklad-dlazba-andezit-sedohneda\/","url":"https:\/\/azstone.sk\/produkt\/sarea-obklad-dlazba-andezit-sedohneda\/","name":"Obklad Sarea andezit \u0161edohned\u00e1 - AZstone.sk | Pr\u00edrodn\u00fd kame\u0148 pre v\u00e1\u0161 domov a z\u00e1hradu","isPartOf":{"@id":"https:\/\/azstone.sk\/#website"},"primaryImageOfPage":{"@id":"https:\/\/azstone.sk\/produkt\/sarea-obklad-dlazba-andezit-sedohneda\/#primaryimage"},"image":{"@id":"https:\/\/azstone.sk\/produkt\/sarea-obklad-dlazba-andezit-sedohneda\/#primaryimage"},"thumbnailUrl":"https:\/\/azstone.sk\/wp-content\/uploads\/2025\/01\/1-sarea-sedohneda-4-4.jpg","datePublished":"2025-01-31T10:03:07+00:00","dateModified":"2025-07-08T07:34:50+00:00","breadcrumb":{"@id":"https:\/\/azstone.sk\/produkt\/sarea-obklad-dlazba-andezit-sedohneda\/#breadcrumb"},"inLanguage":"de","potentialAction":[{"@type":"ReadAction","target":["https:\/\/azstone.sk\/produkt\/sarea-obklad-dlazba-andezit-sedohneda\/"]}]},{"@type":"ImageObject","inLanguage":"de","@id":"https:\/\/azstone.sk\/produkt\/sarea-obklad-dlazba-andezit-sedohneda\/#primaryimage","url":"https:\/\/azstone.sk\/wp-content\/uploads\/2025\/01\/1-sarea-sedohneda-4-4.jpg","contentUrl":"https:\/\/azstone.sk\/wp-content\/uploads\/2025\/01\/1-sarea-sedohneda-4-4.jpg","width":1000,"height":1000},{"@type":"BreadcrumbList","@id":"https:\/\/azstone.sk\/produkt\/sarea-obklad-dlazba-andezit-sedohneda\/#breadcrumb","itemListElement":[{"@type":"ListItem","position":1,"name":"Domovsk\u00e1 str\u00e1nka","item":"https:\/\/azstone.sk\/"},{"@type":"ListItem","position":2,"name":"Obchod","item":"https:\/\/azstone.sk\/obchod\/"},{"@type":"ListItem","position":3,"name":"Obklad Sarea andezit \u0161edohned\u00e1"}]},{"@type":"WebSite","@id":"https:\/\/azstone.sk\/#website","url":"https:\/\/azstone.sk\/","name":"AZstone.sk | Pr\u00edrodn\u00fd kame\u0148 pre v\u00e1\u0161 domov a z\u00e1hradu","description":"AZ stone s.r.o.","potentialAction":[{"@type":"SearchAction","target":{"@type":"EntryPoint","urlTemplate":"https:\/\/azstone.sk\/?s={search_term_string}"},"query-input":{"@type":"PropertyValueSpecification","valueRequired":true,"valueName":"search_term_string"}}],"inLanguage":"de"}]}},"_links":{"self":[{"href":"https:\/\/azstone.sk\/de\/wp-json\/wp\/v2\/product\/14139","targetHints":{"allow":["GET"]}}],"collection":[{"href":"https:\/\/azstone.sk\/de\/wp-json\/wp\/v2\/product"}],"about":[{"href":"https:\/\/azstone.sk\/de\/wp-json\/wp\/v2\/types\/product"}],"replies":[{"embeddable":true,"href":"https:\/\/azstone.sk\/de\/wp-json\/wp\/v2\/comments?post=14139"}],"wp:featuredmedia":[{"embeddable":true,"href":"https:\/\/azstone.sk\/de\/wp-json\/wp\/v2\/media\/15757"}],"wp:attachment":[{"href":"https:\/\/azstone.sk\/de\/wp-json\/wp\/v2\/media?parent=14139"}],"wp:term":[{"taxonomy":"product_brand","embeddable":true,"href":"https:\/\/azstone.sk\/de\/wp-json\/wp\/v2\/product_brand?post=14139"},{"taxonomy":"product_cat","embeddable":true,"href":"https:\/\/azstone.sk\/de\/wp-json\/wp\/v2\/product_cat?post=14139"},{"taxonomy":"product_tag","embeddable":true,"href":"https:\/\/azstone.sk\/de\/wp-json\/wp\/v2\/product_tag?post=14139"}],"curies":[{"name":"wp","href":"https:\/\/api.w.org\/{rel}","templated":true}]}}