{"id":9758,"date":"2022-11-07T10:07:43","date_gmt":"2022-11-07T09:07:43","guid":{"rendered":"https:\/\/beta.azstone.sk\/kontakt\/"},"modified":"2025-06-10T16:32:02","modified_gmt":"2025-06-10T14:32:02","slug":"kontakt","status":"publish","type":"page","link":"https:\/\/azstone.sk\/de\/kontakt\/","title":{"rendered":"Kontakt"},"content":{"rendered":"\t\t<div data-elementor-type=\"wp-page\" data-elementor-id=\"9758\" class=\"elementor elementor-9758 elementor-2380\" data-elementor-post-type=\"page\">\n\t\t\t\t\t\t<div class=\"elementor-section elementor-top-section elementor-element elementor-element-28259fd elementor-section-full_width elementor-section-stretched elementor-section-height-default elementor-section-height-default\" data-id=\"28259fd\" data-element_type=\"section\" data-settings=\"{&quot;stretch_section&quot;:&quot;section-stretched&quot;}\">\n\t\t\t\t\t\t<div class=\"elementor-container elementor-column-gap-default\">\n\t\t\t\t\t<div class=\"elementor-column elementor-col-100 elementor-top-column elementor-element elementor-element-10853be\" data-id=\"10853be\" data-element_type=\"column\">\n\t\t\t<div class=\"elementor-widget-wrap elementor-element-populated\">\n\t\t\t\t\t\t<div class=\"elementor-section elementor-inner-section elementor-element elementor-element-288f713 elementor-section-boxed elementor-section-height-default elementor-section-height-default\" data-id=\"288f713\" data-element_type=\"section\">\n\t\t\t\t\t\t<div class=\"elementor-container elementor-column-gap-default\">\n\t\t\t\t\t<div class=\"elementor-column elementor-col-50 elementor-inner-column elementor-element elementor-element-293a9c4\" data-id=\"293a9c4\" data-element_type=\"column\">\n\t\t\t<div class=\"elementor-widget-wrap elementor-element-populated\">\n\t\t\t\t\t\t<div class=\"elementor-element elementor-element-fd2a556 elementor-widget elementor-widget-section-title\" data-id=\"fd2a556\" data-element_type=\"widget\" data-widget_type=\"section-title.default\">\n\t\t\t\t<div class=\"elementor-widget-container\">\n\t\t\t\t\t<div class=\"pt-section-title pt-style-1  \">\r\n      \t\t <span class=\"pt-section-sub-title\">Kontaktinformationen<\/span>\r\n\t\t\t\t<h5 class=\"pt-section-main-title\">Kontaktieren Sie uns<\/h5>\r\n\t\t\r\n\t\t<p class=\"pt-section-description\">Wir beraten Sie bei der Materialauswahl und Ausf\u00fchrung. Kontaktieren Sie uns f\u00fcr eine unverbindliche Beratung.<\/p>\r\n\t\t<\/div>\r\n\t\t\t\t<\/div>\n\t\t\t\t<\/div>\n\t\t\t\t<div class=\"elementor-element elementor-element-d79bf12 elementor-position-left elementor-mobile-position-left elementor-view-default elementor-vertical-align-top elementor-widget elementor-widget-icon-box\" data-id=\"d79bf12\" data-element_type=\"widget\" data-widget_type=\"icon-box.default\">\n\t\t\t\t<div class=\"elementor-widget-container\">\n\t\t\t\t\t\t\t<div class=\"elementor-icon-box-wrapper\">\n\n\t\t\t\t\t\t<div class=\"elementor-icon-box-icon\">\n\t\t\t\t<span  class=\"elementor-icon\">\n\t\t\t\t<i aria-hidden=\"true\" class=\"ion ion-ios-home\"><\/i>\t\t\t\t<\/span>\n\t\t\t<\/div>\n\t\t\t\n\t\t\t\t\t\t<div class=\"elementor-icon-box-content\">\n\n\t\t\t\t\t\t\t\t\t<h6 class=\"elementor-icon-box-title\">\n\t\t\t\t\t\t<span  >\n\t\t\t\t\t\t\tHauptsitz\t\t\t\t\t\t<\/span>\n\t\t\t\t\t<\/h6>\n\t\t\t\t\n\t\t\t\t\t\t\t\t\t<p class=\"elementor-icon-box-description\">\n\t\t\t\t\t\tFra\u0148a Mojtu 8<br\/>\n949 01 Nitra<br\/>\n2. Stock\t\t\t\t\t<\/p>\n\t\t\t\t\n\t\t\t<\/div>\n\t\t\t\n\t\t<\/div>\n\t\t\t\t\t\t<\/div>\n\t\t\t\t<\/div>\n\t\t\t\t<div class=\"elementor-element elementor-element-5576bb7 elementor-widget-divider--view-line elementor-widget elementor-widget-divider\" data-id=\"5576bb7\" data-element_type=\"widget\" data-widget_type=\"divider.default\">\n\t\t\t\t<div class=\"elementor-widget-container\">\n\t\t\t\t\t\t\t<div class=\"elementor-divider\">\n\t\t\t<span class=\"elementor-divider-separator\">\n\t\t\t\t\t\t<\/span>\n\t\t<\/div>\n\t\t\t\t\t\t<\/div>\n\t\t\t\t<\/div>\n\t\t\t\t<div class=\"elementor-element elementor-element-442f962 elementor-position-left elementor-mobile-position-left elementor-view-default elementor-vertical-align-top elementor-widget elementor-widget-icon-box\" data-id=\"442f962\" data-element_type=\"widget\" data-widget_type=\"icon-box.default\">\n\t\t\t\t<div class=\"elementor-widget-container\">\n\t\t\t\t\t\t\t<div class=\"elementor-icon-box-wrapper\">\n\n\t\t\t\t\t\t<div class=\"elementor-icon-box-icon\">\n\t\t\t\t<span  class=\"elementor-icon\">\n\t\t\t\t<i aria-hidden=\"true\" class=\"ion ion-ios-telephone\"><\/i>\t\t\t\t<\/span>\n\t\t\t<\/div>\n\t\t\t\n\t\t\t\t\t\t<div class=\"elementor-icon-box-content\">\n\n\t\t\t\t\t\t\t\t\t<h6 class=\"elementor-icon-box-title\">\n\t\t\t\t\t\t<span  >\n\t\t\t\t\t\t\tTelefon\t\t\t\t\t\t<\/span>\n\t\t\t\t\t<\/h6>\n\t\t\t\t\n\t\t\t\t\t\t\t\t\t<p class=\"elementor-icon-box-description\">\n\t\t\t\t\t\t<a href=\"tel:+421940652478\">+421 940 652 478<\/a>\t\t\t\t\t<\/p>\n\t\t\t\t\n\t\t\t<\/div>\n\t\t\t\n\t\t<\/div>\n\t\t\t\t\t\t<\/div>\n\t\t\t\t<\/div>\n\t\t\t\t<div class=\"elementor-element elementor-element-ef2973a elementor-widget-divider--view-line elementor-widget elementor-widget-divider\" data-id=\"ef2973a\" data-element_type=\"widget\" data-widget_type=\"divider.default\">\n\t\t\t\t<div class=\"elementor-widget-container\">\n\t\t\t\t\t\t\t<div class=\"elementor-divider\">\n\t\t\t<span class=\"elementor-divider-separator\">\n\t\t\t\t\t\t<\/span>\n\t\t<\/div>\n\t\t\t\t\t\t<\/div>\n\t\t\t\t<\/div>\n\t\t\t\t<div class=\"elementor-element elementor-element-9e3ce13 elementor-position-left elementor-mobile-position-left elementor-view-default elementor-vertical-align-top elementor-widget elementor-widget-icon-box\" data-id=\"9e3ce13\" data-element_type=\"widget\" data-widget_type=\"icon-box.default\">\n\t\t\t\t<div class=\"elementor-widget-container\">\n\t\t\t\t\t\t\t<div class=\"elementor-icon-box-wrapper\">\n\n\t\t\t\t\t\t<div class=\"elementor-icon-box-icon\">\n\t\t\t\t<span  class=\"elementor-icon\">\n\t\t\t\t<i aria-hidden=\"true\" class=\"ion ion-ios-email\"><\/i>\t\t\t\t<\/span>\n\t\t\t<\/div>\n\t\t\t\n\t\t\t\t\t\t<div class=\"elementor-icon-box-content\">\n\n\t\t\t\t\t\t\t\t\t<h6 class=\"elementor-icon-box-title\">\n\t\t\t\t\t\t<span  >\n\t\t\t\t\t\t\tE-Mail\t\t\t\t\t\t<\/span>\n\t\t\t\t\t<\/h6>\n\t\t\t\t\n\t\t\t\t\t\t\t\t\t<p class=\"elementor-icon-box-description\">\n\t\t\t\t\t\t<a href=\"mailto:info@azstone.sk\">info@azstone.sk<\/a>\t\t\t\t\t<\/p>\n\t\t\t\t\n\t\t\t<\/div>\n\t\t\t\n\t\t<\/div>\n\t\t\t\t\t\t<\/div>\n\t\t\t\t<\/div>\n\t\t\t\t\t<\/div>\n\t\t<\/div>\n\t\t\t\t<div class=\"elementor-column elementor-col-50 elementor-inner-column elementor-element elementor-element-b160d69\" data-id=\"b160d69\" data-element_type=\"column\">\n\t\t\t<div class=\"elementor-widget-wrap elementor-element-populated\">\n\t\t\t\t\t\t<div class=\"elementor-element elementor-element-0e32fcb elementor-widget elementor-widget-google_maps\" data-id=\"0e32fcb\" data-element_type=\"widget\" data-widget_type=\"google_maps.default\">\n\t\t\t\t<div class=\"elementor-widget-container\">\n\t\t\t\t\t\t\t<div class=\"elementor-custom-embed\">\n\t\t\t<iframe loading=\"lazy\"\n\t\t\t\t\tsrc=\"https:\/\/maps.google.com\/maps?q=AZ%20Stone%20s.r.o.&#038;t=m&#038;z=14&#038;output=embed&#038;iwloc=near\"\n\t\t\t\t\ttitle=\"AZ Stone s.r.o.\"\n\t\t\t\t\taria-label=\"AZ Stone s.r.o.\"\n\t\t\t><\/iframe>\n\t\t<\/div>\n\t\t\t\t\t\t<\/div>\n\t\t\t\t<\/div>\n\t\t\t\t\t<\/div>\n\t\t<\/div>\n\t\t\t\t\t<\/div>\n\t\t<\/div>\n\t\t\t\t\t<\/div>\n\t\t<\/div>\n\t\t\t\t\t<\/div>\n\t\t<\/div>\n\t\t\t\t<div class=\"elementor-section elementor-top-section elementor-element elementor-element-2b9adb9 elementor-section-full_width elementor-section-stretched elementor-section-height-default elementor-section-height-default\" data-id=\"2b9adb9\" data-element_type=\"section\" data-settings=\"{&quot;stretch_section&quot;:&quot;section-stretched&quot;}\">\n\t\t\t\t\t\t<div class=\"elementor-container elementor-column-gap-default\">\n\t\t\t\t\t<div class=\"elementor-column elementor-col-100 elementor-top-column elementor-element elementor-element-7b91877\" data-id=\"7b91877\" data-element_type=\"column\">\n\t\t\t<div class=\"elementor-widget-wrap elementor-element-populated\">\n\t\t\t\t\t\t<div class=\"elementor-section elementor-inner-section elementor-element elementor-element-6cf74c7 elementor-section-boxed elementor-section-height-default elementor-section-height-default\" data-id=\"6cf74c7\" data-element_type=\"section\">\n\t\t\t\t\t\t<div class=\"elementor-container elementor-column-gap-default\">\n\t\t\t\t\t<div class=\"elementor-column elementor-col-50 elementor-inner-column elementor-element elementor-element-8c6d334\" data-id=\"8c6d334\" data-element_type=\"column\">\n\t\t\t<div class=\"elementor-widget-wrap elementor-element-populated\">\n\t\t\t\t\t\t<div class=\"elementor-element elementor-element-7eed024 elementor-widget elementor-widget-image\" data-id=\"7eed024\" data-element_type=\"widget\" data-widget_type=\"image.default\">\n\t\t\t\t<div class=\"elementor-widget-container\">\n\t\t\t\t\t\t\t\t\t\t\t\t\t\t\t<img fetchpriority=\"high\" decoding=\"async\" width=\"2016\" height=\"1512\" src=\"https:\/\/azstone.sk\/wp-content\/uploads\/2024\/12\/Showroom-obloha2-min_2024-04-08-104717_ppya.png\" class=\"attachment-full size-full wp-image-8836\" alt=\"\" srcset=\"https:\/\/azstone.sk\/wp-content\/uploads\/2024\/12\/Showroom-obloha2-min_2024-04-08-104717_ppya.png 2016w, https:\/\/azstone.sk\/wp-content\/uploads\/2024\/12\/Showroom-obloha2-min_2024-04-08-104717_ppya-400x300.png 400w, https:\/\/azstone.sk\/wp-content\/uploads\/2024\/12\/Showroom-obloha2-min_2024-04-08-104717_ppya-300x225.png 300w, https:\/\/azstone.sk\/wp-content\/uploads\/2024\/12\/Showroom-obloha2-min_2024-04-08-104717_ppya-1024x768.png 1024w, https:\/\/azstone.sk\/wp-content\/uploads\/2024\/12\/Showroom-obloha2-min_2024-04-08-104717_ppya-768x576.png 768w, https:\/\/azstone.sk\/wp-content\/uploads\/2024\/12\/Showroom-obloha2-min_2024-04-08-104717_ppya-1536x1152.png 1536w\" sizes=\"(max-width: 2016px) 100vw, 2016px\" \/>\t\t\t\t\t\t\t\t\t\t\t\t\t\t\t<\/div>\n\t\t\t\t<\/div>\n\t\t\t\t\t<\/div>\n\t\t<\/div>\n\t\t\t\t<div class=\"elementor-column elementor-col-50 elementor-inner-column elementor-element elementor-element-141c503\" data-id=\"141c503\" data-element_type=\"column\">\n\t\t\t<div class=\"elementor-widget-wrap elementor-element-populated\">\n\t\t\t\t\t\t<div class=\"elementor-element elementor-element-16d82d5 pt-contact-page elementor-widget elementor-widget-shortcode\" data-id=\"16d82d5\" data-element_type=\"widget\" data-widget_type=\"shortcode.default\">\n\t\t\t\t<div class=\"elementor-widget-container\">\n\t\t\t\t\t\t\t<div class=\"elementor-shortcode\">\n<div class=\"wpcf7 no-js\" id=\"wpcf7-f10050-o1\" lang=\"de-DE\" dir=\"ltr\" data-wpcf7-id=\"10050\">\n<div class=\"screen-reader-response\"><p role=\"status\" aria-live=\"polite\" aria-atomic=\"true\">&#8203;<\/p> <ul><\/ul><\/div>\n<form action=\"\/de\/wp-json\/wp\/v2\/pages\/9758#wpcf7-f10050-o1\" method=\"post\" class=\"wpcf7-form init\" aria-label=\"Kontaktformular\" novalidate=\"novalidate\" data-status=\"init\">\n<fieldset class=\"hidden-fields-container\"><input type=\"hidden\" name=\"_wpcf7\" value=\"10050\" \/><input type=\"hidden\" name=\"_wpcf7_version\" value=\"6.1.4\" \/><input type=\"hidden\" name=\"_wpcf7_locale\" value=\"de_DE\" \/><input type=\"hidden\" name=\"_wpcf7_unit_tag\" value=\"wpcf7-f10050-o1\" \/><input type=\"hidden\" name=\"_wpcf7_container_post\" value=\"0\" \/><input type=\"hidden\" name=\"_wpcf7_posted_data_hash\" value=\"\" \/>\n<\/fieldset>\n<div class=\"pt-contactform\">\n\t<div class=\"row\">\n\t\t<div class=\"col-md-6\">\n\t\t\t<p><span class=\"wpcf7-form-control-wrap\" data-name=\"your-name\"><input size=\"40\" maxlength=\"400\" class=\"wpcf7-form-control wpcf7-text wpcf7-validates-as-required\" aria-required=\"true\" aria-invalid=\"false\" placeholder=\"Vorname und Nachname\" value=\"\" type=\"text\" name=\"your-name\" \/><\/span>\n\t\t\t<\/p>\n\t\t<\/div>\n\t\t<div class=\"col-md-6\">\n\t\t\t<p><span class=\"wpcf7-form-control-wrap\" data-name=\"your-email\"><input size=\"40\" maxlength=\"400\" class=\"wpcf7-form-control wpcf7-email wpcf7-validates-as-required wpcf7-text wpcf7-validates-as-email\" aria-required=\"true\" aria-invalid=\"false\" placeholder=\"E-Mail\" value=\"\" type=\"email\" name=\"your-email\" \/><\/span>\n\t\t\t<\/p>\n\t\t<\/div>\n\t\t<div class=\"col-md-12\">\n\t\t\t<p><span class=\"wpcf7-form-control-wrap\" data-name=\"your-subject\"><input size=\"40\" maxlength=\"400\" class=\"wpcf7-form-control wpcf7-text wpcf7-validates-as-required\" aria-required=\"true\" aria-invalid=\"false\" placeholder=\"Thema\" value=\"\" type=\"text\" name=\"your-subject\" \/><\/span>\n\t\t\t<\/p>\n\t\t<\/div>\n\t\t<div class=\"col-md-12\">\n\t\t\t<p><span class=\"wpcf7-form-control-wrap\" data-name=\"your-message\"><textarea cols=\"40\" rows=\"10\" maxlength=\"2000\" class=\"wpcf7-form-control wpcf7-textarea wpcf7-validates-as-required\" aria-required=\"true\" aria-invalid=\"false\" placeholder=\"Bericht\" name=\"your-message\"><\/textarea><\/span>\n\t\t\t<\/p>\n\t\t<\/div>\n\t\t<div class=\"col-md-12\">\n\t\t\t<p><input class=\"wpcf7-form-control wpcf7-submit has-spinner\" type=\"submit\" value=\"Nachricht senden\" \/>\n\t\t\t<\/p>\n\t\t<\/div>\n\t<\/div>\n<\/div><div class=\"wpcf7-response-output\" aria-hidden=\"true\"><\/div>\n<\/form>\n<\/div>\n<\/div>\n\t\t\t\t\t\t<\/div>\n\t\t\t\t<\/div>\n\t\t\t\t\t<\/div>\n\t\t<\/div>\n\t\t\t\t\t<\/div>\n\t\t<\/div>\n\t\t\t\t\t<\/div>\n\t\t<\/div>\n\t\t\t\t\t<\/div>\n\t\t<\/div>\n\t\t\t\t<\/div>\n\t\t","protected":false},"excerpt":{"rendered":"<p>Kontaktinformationen Kontaktieren Sie uns Wir beraten Sie bei der Materialauswahl und Ausf\u00fchrung. Kontaktieren Sie uns f\u00fcr eine unverbindliche Beratung. Hauptsitz Fra\u0148a Mojtu 8 949 01 Nitra 2. Stock Telefon +421 940 652 478 E-Mail info@azstone.sk<\/p>\n","protected":false},"author":1,"featured_media":0,"parent":0,"menu_order":0,"comment_status":"closed","ping_status":"closed","template":"","meta":{"_acf_changed":false,"footnotes":""},"class_list":["post-9758","page","type-page","status-publish","hentry"],"acf":[],"yoast_head":"<!-- This site is optimized with the Yoast SEO plugin v25.1 - https:\/\/yoast.com\/wordpress\/plugins\/seo\/ -->\n<title>Kontakt - AZstone.sk | Pr\u00edrodn\u00fd kame\u0148 pre v\u00e1\u0161 domov a z\u00e1hradu<\/title>\n<meta name=\"robots\" content=\"index, follow, max-snippet:-1, max-image-preview:large, max-video-preview:-1\" \/>\n<link rel=\"canonical\" href=\"https:\/\/azstone.sk\/kontakt\/\" \/>\n<meta property=\"og:locale\" content=\"de_DE\" \/>\n<meta property=\"og:type\" content=\"article\" \/>\n<meta property=\"og:title\" content=\"Kontakt - AZstone.sk | Pr\u00edrodn\u00fd kame\u0148 pre v\u00e1\u0161 domov a z\u00e1hradu\" \/>\n<meta property=\"og:description\" content=\"Kontaktinformationen Kontaktieren Sie uns Wir beraten Sie bei der Materialauswahl und Ausf\u00fchrung. Kontaktieren Sie uns f\u00fcr eine unverbindliche Beratung. Hauptsitz Fra\u0148a Mojtu 8 949 01 Nitra 2. Stock Telefon +421 940 652 478 E-Mail info@azstone.sk\" \/>\n<meta property=\"og:url\" content=\"https:\/\/azstone.sk\/kontakt\/\" \/>\n<meta property=\"og:site_name\" content=\"AZstone.sk | Pr\u00edrodn\u00fd kame\u0148 pre v\u00e1\u0161 domov a z\u00e1hradu\" \/>\n<meta property=\"article:modified_time\" content=\"2025-06-10T14:32:02+00:00\" \/>\n<meta property=\"og:image\" content=\"https:\/\/azstone.sk\/wp-content\/uploads\/2024\/12\/Showroom-obloha2-min_2024-04-08-104717_ppya-1024x768.png\" \/>\n\t<meta property=\"og:image:width\" content=\"1024\" \/>\n\t<meta property=\"og:image:height\" content=\"768\" \/>\n\t<meta property=\"og:image:type\" content=\"image\/png\" \/>\n<meta name=\"twitter:card\" content=\"summary_large_image\" \/>\n<meta name=\"twitter:label1\" content=\"Gesch\u00e4tzte Lesezeit\" \/>\n\t<meta name=\"twitter:data1\" content=\"1\u00a0Minute\" \/>\n<script type=\"application\/ld+json\" class=\"yoast-schema-graph\">{\"@context\":\"https:\/\/schema.org\",\"@graph\":[{\"@type\":\"WebPage\",\"@id\":\"https:\/\/azstone.sk\/kontakt\/\",\"url\":\"https:\/\/azstone.sk\/kontakt\/\",\"name\":\"Kontakt - AZstone.sk | Pr\u00edrodn\u00fd kame\u0148 pre v\u00e1\u0161 domov a z\u00e1hradu\",\"isPartOf\":{\"@id\":\"https:\/\/azstone.sk\/#website\"},\"primaryImageOfPage\":{\"@id\":\"https:\/\/azstone.sk\/kontakt\/#primaryimage\"},\"image\":{\"@id\":\"https:\/\/azstone.sk\/kontakt\/#primaryimage\"},\"thumbnailUrl\":\"https:\/\/azstone.sk\/wp-content\/uploads\/2024\/12\/Showroom-obloha2-min_2024-04-08-104717_ppya.png\",\"datePublished\":\"2022-11-07T09:07:43+00:00\",\"dateModified\":\"2025-06-10T14:32:02+00:00\",\"breadcrumb\":{\"@id\":\"https:\/\/azstone.sk\/kontakt\/#breadcrumb\"},\"inLanguage\":\"de\",\"potentialAction\":[{\"@type\":\"ReadAction\",\"target\":[\"https:\/\/azstone.sk\/kontakt\/\"]}]},{\"@type\":\"ImageObject\",\"inLanguage\":\"de\",\"@id\":\"https:\/\/azstone.sk\/kontakt\/#primaryimage\",\"url\":\"https:\/\/azstone.sk\/wp-content\/uploads\/2024\/12\/Showroom-obloha2-min_2024-04-08-104717_ppya.png\",\"contentUrl\":\"https:\/\/azstone.sk\/wp-content\/uploads\/2024\/12\/Showroom-obloha2-min_2024-04-08-104717_ppya.png\"},{\"@type\":\"BreadcrumbList\",\"@id\":\"https:\/\/azstone.sk\/kontakt\/#breadcrumb\",\"itemListElement\":[{\"@type\":\"ListItem\",\"position\":1,\"name\":\"Domovsk\u00e1 str\u00e1nka\",\"item\":\"https:\/\/azstone.sk\/\"},{\"@type\":\"ListItem\",\"position\":2,\"name\":\"Kontakt\"}]},{\"@type\":\"WebSite\",\"@id\":\"https:\/\/azstone.sk\/#website\",\"url\":\"https:\/\/azstone.sk\/\",\"name\":\"AZstone.sk | Pr\u00edrodn\u00fd kame\u0148 pre v\u00e1\u0161 domov a z\u00e1hradu\",\"description\":\"AZ stone s.r.o.\",\"potentialAction\":[{\"@type\":\"SearchAction\",\"target\":{\"@type\":\"EntryPoint\",\"urlTemplate\":\"https:\/\/azstone.sk\/?s={search_term_string}\"},\"query-input\":{\"@type\":\"PropertyValueSpecification\",\"valueRequired\":true,\"valueName\":\"search_term_string\"}}],\"inLanguage\":\"de\"}]}<\/script>\n<!-- \/ Yoast SEO plugin. -->","yoast_head_json":{"title":"Kontakt - AZstone.sk | Pr\u00edrodn\u00fd kame\u0148 pre v\u00e1\u0161 domov a z\u00e1hradu","robots":{"index":"index","follow":"follow","max-snippet":"max-snippet:-1","max-image-preview":"max-image-preview:large","max-video-preview":"max-video-preview:-1"},"canonical":"https:\/\/azstone.sk\/kontakt\/","og_locale":"de_DE","og_type":"article","og_title":"Kontakt - AZstone.sk | Pr\u00edrodn\u00fd kame\u0148 pre v\u00e1\u0161 domov a z\u00e1hradu","og_description":"Kontaktinformationen Kontaktieren Sie uns Wir beraten Sie bei der Materialauswahl und Ausf\u00fchrung. Kontaktieren Sie uns f\u00fcr eine unverbindliche Beratung. Hauptsitz Fra\u0148a Mojtu 8 949 01 Nitra 2. Stock Telefon +421 940 652 478 E-Mail info@azstone.sk","og_url":"https:\/\/azstone.sk\/kontakt\/","og_site_name":"AZstone.sk | Pr\u00edrodn\u00fd kame\u0148 pre v\u00e1\u0161 domov a z\u00e1hradu","article_modified_time":"2025-06-10T14:32:02+00:00","og_image":[{"width":1024,"height":768,"url":"https:\/\/azstone.sk\/wp-content\/uploads\/2024\/12\/Showroom-obloha2-min_2024-04-08-104717_ppya-1024x768.png","type":"image\/png"}],"twitter_card":"summary_large_image","twitter_misc":{"Gesch\u00e4tzte Lesezeit":"1\u00a0Minute"},"schema":{"@context":"https:\/\/schema.org","@graph":[{"@type":"WebPage","@id":"https:\/\/azstone.sk\/kontakt\/","url":"https:\/\/azstone.sk\/kontakt\/","name":"Kontakt - AZstone.sk | Pr\u00edrodn\u00fd kame\u0148 pre v\u00e1\u0161 domov a z\u00e1hradu","isPartOf":{"@id":"https:\/\/azstone.sk\/#website"},"primaryImageOfPage":{"@id":"https:\/\/azstone.sk\/kontakt\/#primaryimage"},"image":{"@id":"https:\/\/azstone.sk\/kontakt\/#primaryimage"},"thumbnailUrl":"https:\/\/azstone.sk\/wp-content\/uploads\/2024\/12\/Showroom-obloha2-min_2024-04-08-104717_ppya.png","datePublished":"2022-11-07T09:07:43+00:00","dateModified":"2025-06-10T14:32:02+00:00","breadcrumb":{"@id":"https:\/\/azstone.sk\/kontakt\/#breadcrumb"},"inLanguage":"de","potentialAction":[{"@type":"ReadAction","target":["https:\/\/azstone.sk\/kontakt\/"]}]},{"@type":"ImageObject","inLanguage":"de","@id":"https:\/\/azstone.sk\/kontakt\/#primaryimage","url":"https:\/\/azstone.sk\/wp-content\/uploads\/2024\/12\/Showroom-obloha2-min_2024-04-08-104717_ppya.png","contentUrl":"https:\/\/azstone.sk\/wp-content\/uploads\/2024\/12\/Showroom-obloha2-min_2024-04-08-104717_ppya.png"},{"@type":"BreadcrumbList","@id":"https:\/\/azstone.sk\/kontakt\/#breadcrumb","itemListElement":[{"@type":"ListItem","position":1,"name":"Domovsk\u00e1 str\u00e1nka","item":"https:\/\/azstone.sk\/"},{"@type":"ListItem","position":2,"name":"Kontakt"}]},{"@type":"WebSite","@id":"https:\/\/azstone.sk\/#website","url":"https:\/\/azstone.sk\/","name":"AZstone.sk | Pr\u00edrodn\u00fd kame\u0148 pre v\u00e1\u0161 domov a z\u00e1hradu","description":"AZ stone s.r.o.","potentialAction":[{"@type":"SearchAction","target":{"@type":"EntryPoint","urlTemplate":"https:\/\/azstone.sk\/?s={search_term_string}"},"query-input":{"@type":"PropertyValueSpecification","valueRequired":true,"valueName":"search_term_string"}}],"inLanguage":"de"}]}},"_links":{"self":[{"href":"https:\/\/azstone.sk\/de\/wp-json\/wp\/v2\/pages\/9758","targetHints":{"allow":["GET"]}}],"collection":[{"href":"https:\/\/azstone.sk\/de\/wp-json\/wp\/v2\/pages"}],"about":[{"href":"https:\/\/azstone.sk\/de\/wp-json\/wp\/v2\/types\/page"}],"author":[{"embeddable":true,"href":"https:\/\/azstone.sk\/de\/wp-json\/wp\/v2\/users\/1"}],"replies":[{"embeddable":true,"href":"https:\/\/azstone.sk\/de\/wp-json\/wp\/v2\/comments?post=9758"}],"version-history":[{"count":0,"href":"https:\/\/azstone.sk\/de\/wp-json\/wp\/v2\/pages\/9758\/revisions"}],"wp:attachment":[{"href":"https:\/\/azstone.sk\/de\/wp-json\/wp\/v2\/media?parent=9758"}],"curies":[{"name":"wp","href":"https:\/\/api.w.org\/{rel}","templated":true}]}}